{"id":1030,"date":"2020-02-28T17:17:50","date_gmt":"2020-02-28T16:17:50","guid":{"rendered":"https:\/\/www.bioweingut-ettl.at\/?post_type=product&#038;p=1030"},"modified":"2025-11-04T19:11:02","modified_gmt":"2025-11-04T18:11:02","slug":"gelber-muskateller-2025","status":"publish","type":"product","link":"https:\/\/www.bioweingut-ettl.at\/en\/produkt\/gelber-muskateller-2025\/","title":{"rendered":"Gelber Muskateller 2025"},"content":{"rendered":"","protected":false},"excerpt":{"rendered":"<p>trocken 8g\/L Restzucker<br \/>\nGelblich mit Gr\u00fcnen Reflexen, ausgepr\u00e4gte frische Muskat Aromatik, Holunder, Minze, gelbe Frucht, traubige Ankl\u00e4nge, am Gaumen saftiger Wein, balanciertes feines S\u00e4urespiel, elegantes Fruchtfinish im Nachhall, lang anhaltend<\/p>\n","protected":false},"featured_media":3651,"template":"","meta":{"_acf_changed":false,"inline_featured_image":false},"product_brand":[],"product_cat":[20],"product_tag":[],"class_list":{"0":"post-1030","1":"product","2":"type-product","3":"status-publish","4":"has-post-thumbnail","6":"product_cat-weisswein","7":"vtmin_rule_category-minimum-purchase-category","9":"first","10":"instock","11":"taxable","12":"shipping-taxable","13":"purchasable","14":"product-type-simple"},"acf":[],"_links":{"self":[{"href":"https:\/\/www.bioweingut-ettl.at\/en\/wp-json\/wp\/v2\/product\/1030","targetHints":{"allow":["GET"]}}],"collection":[{"href":"https:\/\/www.bioweingut-ettl.at\/en\/wp-json\/wp\/v2\/product"}],"about":[{"href":"https:\/\/www.bioweingut-ettl.at\/en\/wp-json\/wp\/v2\/types\/product"}],"wp:featuredmedia":[{"embeddable":true,"href":"https:\/\/www.bioweingut-ettl.at\/en\/wp-json\/wp\/v2\/media\/3651"}],"wp:attachment":[{"href":"https:\/\/www.bioweingut-ettl.at\/en\/wp-json\/wp\/v2\/media?parent=1030"}],"wp:term":[{"taxonomy":"product_brand","embeddable":true,"href":"https:\/\/www.bioweingut-ettl.at\/en\/wp-json\/wp\/v2\/product_brand?post=1030"},{"taxonomy":"product_cat","embeddable":true,"href":"https:\/\/www.bioweingut-ettl.at\/en\/wp-json\/wp\/v2\/product_cat?post=1030"},{"taxonomy":"product_tag","embeddable":true,"href":"https:\/\/www.bioweingut-ettl.at\/en\/wp-json\/wp\/v2\/product_tag?post=1030"}],"curies":[{"name":"wp","href":"https:\/\/api.w.org\/{rel}","templated":true}]}}