{"id":293,"date":"2019-05-02T14:08:43","date_gmt":"2019-05-02T12:08:43","guid":{"rendered":"https:\/\/ettl.insyde.dev\/?post_type=product&#038;p=293"},"modified":"2026-03-02T10:32:37","modified_gmt":"2026-03-02T09:32:37","slug":"weissburgunder-tradition-2025","status":"publish","type":"product","link":"https:\/\/www.bioweingut-ettl.at\/en\/produkt\/weissburgunder-tradition-2025\/","title":{"rendered":"Wei\u00dfburgunder Tradition 2025"},"content":{"rendered":"<p>&nbsp;<\/p>\n<div id=\"kpm-root\" class=\"kpm_LTR\"><\/div>\n<div id=\"kpm-root\" class=\"kpm_LTR\"><\/div>\n","protected":false},"excerpt":{"rendered":"<h6>Helles Gelbgr\u00fcn, Silberreflexe. Zarte gelbe Tropenfrucht, ein Hauch von Birne und Quitte unterlegt, frische Limettenzesten. Mittlerer K\u00f6rper, salzige Textur, frischer wei\u00dfer Apfel, elegant und gut anhaftend, leichtf\u00fc\u00dfiger Stil, ein vielseitiger Speisenbegleiter. 8 Monate in 1500L Eichenf\u00e4ssern ausgebaut<\/h6>\n<h1><\/h1>\n<h1><\/h1>\n<h1><\/h1>\n<p>&nbsp;<\/p>\n<div id=\"kpm-root\" class=\"kpm_LTR\"><\/div>\n<div id=\"kpm-root\" class=\"kpm_LTR\"><\/div>\n","protected":false},"featured_media":3655,"template":"","meta":{"_acf_changed":false,"inline_featured_image":false},"product_brand":[],"product_cat":[20],"product_tag":[],"class_list":{"0":"post-293","1":"product","2":"type-product","3":"status-publish","4":"has-post-thumbnail","6":"product_cat-weisswein","8":"first","9":"instock","10":"taxable","11":"shipping-taxable","12":"purchasable","13":"product-type-simple"},"acf":[],"_links":{"self":[{"href":"https:\/\/www.bioweingut-ettl.at\/en\/wp-json\/wp\/v2\/product\/293","targetHints":{"allow":["GET"]}}],"collection":[{"href":"https:\/\/www.bioweingut-ettl.at\/en\/wp-json\/wp\/v2\/product"}],"about":[{"href":"https:\/\/www.bioweingut-ettl.at\/en\/wp-json\/wp\/v2\/types\/product"}],"wp:featuredmedia":[{"embeddable":true,"href":"https:\/\/www.bioweingut-ettl.at\/en\/wp-json\/wp\/v2\/media\/3655"}],"wp:attachment":[{"href":"https:\/\/www.bioweingut-ettl.at\/en\/wp-json\/wp\/v2\/media?parent=293"}],"wp:term":[{"taxonomy":"product_brand","embeddable":true,"href":"https:\/\/www.bioweingut-ettl.at\/en\/wp-json\/wp\/v2\/product_brand?post=293"},{"taxonomy":"product_cat","embeddable":true,"href":"https:\/\/www.bioweingut-ettl.at\/en\/wp-json\/wp\/v2\/product_cat?post=293"},{"taxonomy":"product_tag","embeddable":true,"href":"https:\/\/www.bioweingut-ettl.at\/en\/wp-json\/wp\/v2\/product_tag?post=293"}],"curies":[{"name":"wp","href":"https:\/\/api.w.org\/{rel}","templated":true}]}}