{"id":295,"date":"2019-05-02T14:10:18","date_gmt":"2019-05-02T12:10:18","guid":{"rendered":"https:\/\/ettl.insyde.dev\/?post_type=product&#038;p=295"},"modified":"2026-03-02T10:26:14","modified_gmt":"2026-03-02T09:26:14","slug":"chardonnay-praedium-2024","status":"publish","type":"product","link":"https:\/\/www.bioweingut-ettl.at\/en\/produkt\/chardonnay-praedium-2024\/","title":{"rendered":"Chardonnay Pr\u00e4dium 2024"},"content":{"rendered":"<p>&nbsp;<\/p>\n<div id=\"kpm-root\" class=\"kpm_LTR\"><\/div>\n<div id=\"kpm-root\" class=\"kpm_LTR\"><\/div>\n<div id=\"kpm-root\" class=\"kpm_LTR\"><\/div>\n<div id=\"kpm-root\" class=\"kpm_LTR\"><\/div>\n<div id=\"kpm-root\" class=\"kpm_LTR notranslate\" translate=\"no\"><\/div>\n","protected":false},"excerpt":{"rendered":"<p>Mittleres Gelbgr\u00fcn, Silberreflexe. Frische Orangenzesten, ein Hauch von gelber Tropenfrucht, feiner Bl\u00fctenhonig, Limettenzesten im Hintergrund. Saftig, seidig, zarter Hauch von Karamell, dezenter S\u00e4urebogen, feine Honignuancen im Abgang, bereitsbgut antrinkbar. 8 Monate in 500-1500L F\u00e4ssern ausgebaut<\/p>\n<h1><img loading=\"lazy\" decoding=\"async\" class=\"alignnone size-medium wp-image-781\" src=\"https:\/\/www.bioweingut-ettl.at\/wp-content\/uploads\/2019\/10\/Falstaff-Logo-300x126.png\" alt=\"\" width=\"300\" height=\"126\" \/> 90 Punkte<\/h1>\n<h1><\/h1>\n<h1><\/h1>\n<p>&nbsp;<\/p>\n<div id=\"kpm-root\" class=\"kpm_LTR\"><\/div>\n<div id=\"kpm-root\" class=\"kpm_LTR\"><\/div>\n<div id=\"kpm-root\" class=\"kpm_LTR\"><\/div>\n<div id=\"kpm-root\" class=\"kpm_LTR\"><\/div>\n<div id=\"kpm-root\" class=\"kpm_LTR notranslate\" translate=\"no\"><\/div>\n","protected":false},"featured_media":3654,"template":"","meta":{"_acf_changed":false,"inline_featured_image":false},"product_brand":[],"product_cat":[20],"product_tag":[],"class_list":{"0":"post-295","1":"product","2":"type-product","3":"status-publish","4":"has-post-thumbnail","6":"product_cat-weisswein","8":"first","9":"instock","10":"sale","11":"taxable","12":"shipping-taxable","13":"purchasable","14":"product-type-simple"},"acf":[],"_links":{"self":[{"href":"https:\/\/www.bioweingut-ettl.at\/en\/wp-json\/wp\/v2\/product\/295","targetHints":{"allow":["GET"]}}],"collection":[{"href":"https:\/\/www.bioweingut-ettl.at\/en\/wp-json\/wp\/v2\/product"}],"about":[{"href":"https:\/\/www.bioweingut-ettl.at\/en\/wp-json\/wp\/v2\/types\/product"}],"wp:featuredmedia":[{"embeddable":true,"href":"https:\/\/www.bioweingut-ettl.at\/en\/wp-json\/wp\/v2\/media\/3654"}],"wp:attachment":[{"href":"https:\/\/www.bioweingut-ettl.at\/en\/wp-json\/wp\/v2\/media?parent=295"}],"wp:term":[{"taxonomy":"product_brand","embeddable":true,"href":"https:\/\/www.bioweingut-ettl.at\/en\/wp-json\/wp\/v2\/product_brand?post=295"},{"taxonomy":"product_cat","embeddable":true,"href":"https:\/\/www.bioweingut-ettl.at\/en\/wp-json\/wp\/v2\/product_cat?post=295"},{"taxonomy":"product_tag","embeddable":true,"href":"https:\/\/www.bioweingut-ettl.at\/en\/wp-json\/wp\/v2\/product_tag?post=295"}],"curies":[{"name":"wp","href":"https:\/\/api.w.org\/{rel}","templated":true}]}}