{"id":297,"date":"2019-05-02T14:11:37","date_gmt":"2019-05-02T12:11:37","guid":{"rendered":"https:\/\/ettl.insyde.dev\/?post_type=product&#038;p=297"},"modified":"2026-04-20T18:29:02","modified_gmt":"2026-04-20T16:29:02","slug":"gruener-veltliner-alter-satz-2024","status":"publish","type":"product","link":"https:\/\/www.bioweingut-ettl.at\/en\/produkt\/gruener-veltliner-alter-satz-2024\/","title":{"rendered":"Gr\u00fcner Veltliner Alter Satz 2024"},"content":{"rendered":"<p>&nbsp;<\/p>\n<div id=\"kpm-root\" class=\"kpm_LTR\"><\/div>\n","protected":false},"excerpt":{"rendered":"<p>Helle Farbnoten, reife gelbe Fruchtnoten, Nashi-Birne, Gew\u00fcrznelke, Zesten, k\u00f6rperreich, gut st\u00fctzende S\u00e4ure, zarter Gerbstoff im Finish, langer Nachhall<\/p>\n<p>8 Monate im gro\u00dfen Eichenfass und Stahltank ausgebaut<\/p>\n<h1><img loading=\"lazy\" decoding=\"async\" class=\"alignnone size-medium wp-image-781\" src=\"https:\/\/www.bioweingut-ettl.at\/wp-content\/uploads\/2019\/10\/Falstaff-Logo-300x126.png\" alt=\"\" width=\"300\" height=\"126\" \/>\u00a091 Punkte<\/h1>\n<h1><\/h1>\n<p>&nbsp;<\/p>\n<div id=\"kpm-root\" class=\"kpm_LTR\"><\/div>\n","protected":false},"featured_media":3653,"template":"","meta":{"_acf_changed":false,"inline_featured_image":false},"product_brand":[],"product_cat":[20],"product_tag":[],"class_list":{"0":"post-297","1":"product","2":"type-product","3":"status-publish","4":"has-post-thumbnail","6":"product_cat-weisswein","8":"first","9":"instock","10":"sale","11":"taxable","12":"shipping-taxable","13":"purchasable","14":"product-type-simple"},"acf":[],"_links":{"self":[{"href":"https:\/\/www.bioweingut-ettl.at\/en\/wp-json\/wp\/v2\/product\/297","targetHints":{"allow":["GET"]}}],"collection":[{"href":"https:\/\/www.bioweingut-ettl.at\/en\/wp-json\/wp\/v2\/product"}],"about":[{"href":"https:\/\/www.bioweingut-ettl.at\/en\/wp-json\/wp\/v2\/types\/product"}],"wp:featuredmedia":[{"embeddable":true,"href":"https:\/\/www.bioweingut-ettl.at\/en\/wp-json\/wp\/v2\/media\/3653"}],"wp:attachment":[{"href":"https:\/\/www.bioweingut-ettl.at\/en\/wp-json\/wp\/v2\/media?parent=297"}],"wp:term":[{"taxonomy":"product_brand","embeddable":true,"href":"https:\/\/www.bioweingut-ettl.at\/en\/wp-json\/wp\/v2\/product_brand?post=297"},{"taxonomy":"product_cat","embeddable":true,"href":"https:\/\/www.bioweingut-ettl.at\/en\/wp-json\/wp\/v2\/product_cat?post=297"},{"taxonomy":"product_tag","embeddable":true,"href":"https:\/\/www.bioweingut-ettl.at\/en\/wp-json\/wp\/v2\/product_tag?post=297"}],"curies":[{"name":"wp","href":"https:\/\/api.w.org\/{rel}","templated":true}]}}