{"id":299,"date":"2019-05-02T14:12:40","date_gmt":"2019-05-02T12:12:40","guid":{"rendered":"https:\/\/ettl.insyde.dev\/?post_type=product&#038;p=299"},"modified":"2025-03-26T13:29:18","modified_gmt":"2025-03-26T12:29:18","slug":"traminer-reserve-2023","status":"publish","type":"product","link":"https:\/\/www.bioweingut-ettl.at\/en\/produkt\/traminer-reserve-2023\/","title":{"rendered":"Traminer Reserve 2023"},"content":{"rendered":"","protected":false},"excerpt":{"rendered":"<p>Helles Gelb, Silberreflexe. Zart floral, ein Hauch von Rosen, Kr\u00e4utern und Bl\u00fctenhonig, Saftig, gelbe Steinobstfrucht, angenehme S\u00fc\u00dfe, gut balanciert, Honiganklang im Abgang, gutes Entwicklungspotenzial. 10 Monate in gebrauchten Barriques und 500l F\u00e4ssern gereift<\/p>\n<h1>Bewertungen des Jahrgangs 2020<\/h1>\n<p><img loading=\"lazy\" decoding=\"async\" class=\"alignnone size-medium wp-image-779\" src=\"https:\/\/www.bioweingut-ettl.at\/wp-content\/uploads\/2019\/05\/Goldmedaille-2019-300x175.png\" alt=\"\" width=\"300\" height=\"175\" \/><\/p>\n","protected":false},"featured_media":3652,"template":"","meta":{"_acf_changed":false,"inline_featured_image":false},"product_brand":[],"product_cat":[20],"product_tag":[],"class_list":{"0":"post-299","1":"product","2":"type-product","3":"status-publish","4":"has-post-thumbnail","6":"product_cat-weisswein","8":"first","9":"instock","10":"taxable","11":"shipping-taxable","12":"purchasable","13":"product-type-simple"},"acf":[],"_links":{"self":[{"href":"https:\/\/www.bioweingut-ettl.at\/en\/wp-json\/wp\/v2\/product\/299","targetHints":{"allow":["GET"]}}],"collection":[{"href":"https:\/\/www.bioweingut-ettl.at\/en\/wp-json\/wp\/v2\/product"}],"about":[{"href":"https:\/\/www.bioweingut-ettl.at\/en\/wp-json\/wp\/v2\/types\/product"}],"wp:featuredmedia":[{"embeddable":true,"href":"https:\/\/www.bioweingut-ettl.at\/en\/wp-json\/wp\/v2\/media\/3652"}],"wp:attachment":[{"href":"https:\/\/www.bioweingut-ettl.at\/en\/wp-json\/wp\/v2\/media?parent=299"}],"wp:term":[{"taxonomy":"product_brand","embeddable":true,"href":"https:\/\/www.bioweingut-ettl.at\/en\/wp-json\/wp\/v2\/product_brand?post=299"},{"taxonomy":"product_cat","embeddable":true,"href":"https:\/\/www.bioweingut-ettl.at\/en\/wp-json\/wp\/v2\/product_cat?post=299"},{"taxonomy":"product_tag","embeddable":true,"href":"https:\/\/www.bioweingut-ettl.at\/en\/wp-json\/wp\/v2\/product_tag?post=299"}],"curies":[{"name":"wp","href":"https:\/\/api.w.org\/{rel}","templated":true}]}}