{"id":325,"date":"2019-05-02T15:12:12","date_gmt":"2019-05-02T13:12:12","guid":{"rendered":"https:\/\/ettl.insyde.dev\/?post_type=product&#038;p=325"},"modified":"2026-04-20T18:25:24","modified_gmt":"2026-04-20T16:25:24","slug":"roemerstein-alte-reben-2024","status":"publish","type":"product","link":"https:\/\/www.bioweingut-ettl.at\/en\/produkt\/roemerstein-alte-reben-2024\/","title":{"rendered":"R\u00f6merstein Welschriesling Alte Reben 2024"},"content":{"rendered":"","protected":false},"excerpt":{"rendered":"<h5><strong>Rauchig-speckig, Holzeinsatz, Citrus, Orangen, Bratapfel, getrocknete Kr\u00e4uter, Bl\u00fctenhonig, saftige Frucht mit Frische, Citrus sp\u00fclt den Gaumen frei, rassige S\u00e4ure, griffig, dicht, intensiv, der gibt ordentlich Gas. Ziemlicher Ausdruck. Super Wein von ungemeiner Individualit\u00e4t.<\/strong><\/h5>\n<p>Verkostungsnotiz von Adi Schmid (Vinaria)<\/p>\n<p>12,5%vol<\/p>\n<p>&nbsp;<\/p>\n<h1><\/h1>\n<h1><\/h1>\n","protected":false},"featured_media":6434,"template":"","meta":{"_acf_changed":false,"inline_featured_image":false},"product_brand":[],"product_cat":[22],"product_tag":[],"class_list":{"0":"post-325","1":"product","2":"type-product","3":"status-publish","4":"has-post-thumbnail","6":"product_cat-natural-orangeweine","8":"first","9":"instock","10":"taxable","11":"shipping-taxable","12":"purchasable","13":"product-type-simple"},"acf":[],"_links":{"self":[{"href":"https:\/\/www.bioweingut-ettl.at\/en\/wp-json\/wp\/v2\/product\/325","targetHints":{"allow":["GET"]}}],"collection":[{"href":"https:\/\/www.bioweingut-ettl.at\/en\/wp-json\/wp\/v2\/product"}],"about":[{"href":"https:\/\/www.bioweingut-ettl.at\/en\/wp-json\/wp\/v2\/types\/product"}],"wp:featuredmedia":[{"embeddable":true,"href":"https:\/\/www.bioweingut-ettl.at\/en\/wp-json\/wp\/v2\/media\/6434"}],"wp:attachment":[{"href":"https:\/\/www.bioweingut-ettl.at\/en\/wp-json\/wp\/v2\/media?parent=325"}],"wp:term":[{"taxonomy":"product_brand","embeddable":true,"href":"https:\/\/www.bioweingut-ettl.at\/en\/wp-json\/wp\/v2\/product_brand?post=325"},{"taxonomy":"product_cat","embeddable":true,"href":"https:\/\/www.bioweingut-ettl.at\/en\/wp-json\/wp\/v2\/product_cat?post=325"},{"taxonomy":"product_tag","embeddable":true,"href":"https:\/\/www.bioweingut-ettl.at\/en\/wp-json\/wp\/v2\/product_tag?post=325"}],"curies":[{"name":"wp","href":"https:\/\/api.w.org\/{rel}","templated":true}]}}