{"id":6680,"date":"2025-02-17T17:08:14","date_gmt":"2025-02-17T16:08:14","guid":{"rendered":"https:\/\/www.bioweingut-ettl.at\/?post_type=product&#038;p=6680"},"modified":"2026-03-24T11:12:15","modified_gmt":"2026-03-24T10:12:15","slug":"blaufraenkisch-rose-2025","status":"publish","type":"product","link":"https:\/\/www.bioweingut-ettl.at\/en\/produkt\/blaufraenkisch-rose-2025\/","title":{"rendered":"Blaufr\u00e4nkisch Ros\u00e9 2025"},"content":{"rendered":"<p>&nbsp;<\/p>\n<div id=\"kpm-root\" class=\"kpm_LTR notranslate\" translate=\"no\"><\/div>\n","protected":false},"excerpt":{"rendered":"<p>intensives Lachsrosa, zartes rotes Waldbeerkonfit, wei\u00dfer Pfirsich, ein Hauch von Bl\u00fctenhonig, lebendige S\u00e4ure, mittlerer K\u00f6rper, attraktiver Sommerwein, trinkanimierender Stil<\/p>\n<p>&nbsp;<\/p>\n<h1><\/h1>\n<p>&nbsp;<\/p>\n<div id=\"kpm-root\" class=\"kpm_LTR notranslate\" translate=\"no\"><\/div>\n","protected":false},"featured_media":3643,"template":"","meta":{"_acf_changed":false,"inline_featured_image":false},"product_brand":[],"product_cat":[19],"product_tag":[],"class_list":{"0":"post-6680","1":"product","2":"type-product","3":"status-publish","4":"has-post-thumbnail","6":"product_cat-rotwein","8":"first","9":"instock","10":"taxable","11":"shipping-taxable","12":"purchasable","13":"product-type-simple"},"acf":[],"_links":{"self":[{"href":"https:\/\/www.bioweingut-ettl.at\/en\/wp-json\/wp\/v2\/product\/6680","targetHints":{"allow":["GET"]}}],"collection":[{"href":"https:\/\/www.bioweingut-ettl.at\/en\/wp-json\/wp\/v2\/product"}],"about":[{"href":"https:\/\/www.bioweingut-ettl.at\/en\/wp-json\/wp\/v2\/types\/product"}],"wp:featuredmedia":[{"embeddable":true,"href":"https:\/\/www.bioweingut-ettl.at\/en\/wp-json\/wp\/v2\/media\/3643"}],"wp:attachment":[{"href":"https:\/\/www.bioweingut-ettl.at\/en\/wp-json\/wp\/v2\/media?parent=6680"}],"wp:term":[{"taxonomy":"product_brand","embeddable":true,"href":"https:\/\/www.bioweingut-ettl.at\/en\/wp-json\/wp\/v2\/product_brand?post=6680"},{"taxonomy":"product_cat","embeddable":true,"href":"https:\/\/www.bioweingut-ettl.at\/en\/wp-json\/wp\/v2\/product_cat?post=6680"},{"taxonomy":"product_tag","embeddable":true,"href":"https:\/\/www.bioweingut-ettl.at\/en\/wp-json\/wp\/v2\/product_tag?post=6680"}],"curies":[{"name":"wp","href":"https:\/\/api.w.org\/{rel}","templated":true}]}}