{"id":6681,"date":"2025-02-17T17:37:03","date_gmt":"2025-02-17T16:37:03","guid":{"rendered":"https:\/\/www.bioweingut-ettl.at\/?post_type=product&#038;p=6681"},"modified":"2026-03-23T17:32:27","modified_gmt":"2026-03-23T16:32:27","slug":"traminer-spaetlese-2025","status":"publish","type":"product","link":"https:\/\/www.bioweingut-ettl.at\/en\/produkt\/traminer-spaetlese-2025\/","title":{"rendered":"Traminer Sp\u00e4tlese 2025"},"content":{"rendered":"<p>&nbsp;<\/p>\n<div id=\"kpm-root\" class=\"kpm_LTR\"><\/div>\n","protected":false},"excerpt":{"rendered":"<p>s\u00fc\u00df 82g\/L Restzucker<br \/>\nHelles Goldgelb, Silbertreflexe. Kandierte Mandarinenzesten, ein Hauch von Rosenbl\u00fcten, zarter Honigtouch. Stoffig, engmaschig, s\u00fc\u00dfe wei\u00dfe Tropenfrucht, feiner S\u00e4urebogen, wei\u00dfer Pfeffer, sehr gute L\u00e4nge, fruchts\u00fc\u00dfer Abgang, anhaftend, sicheres Reifepotenzial.<\/p>\n<p>&nbsp;<\/p>\n<h1><strong>\u00a0<\/strong><\/h1>\n<div id=\"kpm-root\" class=\"kpm_LTR\"><\/div>\n","protected":false},"featured_media":3645,"template":"","meta":{"_acf_changed":false,"inline_featured_image":false},"product_brand":[],"product_cat":[21],"product_tag":[],"class_list":{"0":"post-6681","1":"product","2":"type-product","3":"status-publish","4":"has-post-thumbnail","6":"product_cat-suesswein","8":"first","9":"instock","10":"taxable","11":"shipping-taxable","12":"purchasable","13":"product-type-simple"},"acf":[],"_links":{"self":[{"href":"https:\/\/www.bioweingut-ettl.at\/en\/wp-json\/wp\/v2\/product\/6681","targetHints":{"allow":["GET"]}}],"collection":[{"href":"https:\/\/www.bioweingut-ettl.at\/en\/wp-json\/wp\/v2\/product"}],"about":[{"href":"https:\/\/www.bioweingut-ettl.at\/en\/wp-json\/wp\/v2\/types\/product"}],"wp:featuredmedia":[{"embeddable":true,"href":"https:\/\/www.bioweingut-ettl.at\/en\/wp-json\/wp\/v2\/media\/3645"}],"wp:attachment":[{"href":"https:\/\/www.bioweingut-ettl.at\/en\/wp-json\/wp\/v2\/media?parent=6681"}],"wp:term":[{"taxonomy":"product_brand","embeddable":true,"href":"https:\/\/www.bioweingut-ettl.at\/en\/wp-json\/wp\/v2\/product_brand?post=6681"},{"taxonomy":"product_cat","embeddable":true,"href":"https:\/\/www.bioweingut-ettl.at\/en\/wp-json\/wp\/v2\/product_cat?post=6681"},{"taxonomy":"product_tag","embeddable":true,"href":"https:\/\/www.bioweingut-ettl.at\/en\/wp-json\/wp\/v2\/product_tag?post=6681"}],"curies":[{"name":"wp","href":"https:\/\/api.w.org\/{rel}","templated":true}]}}