{"id":669,"date":"2019-08-26T10:52:11","date_gmt":"2019-08-26T08:52:11","guid":{"rendered":"https:\/\/ettl.insyde.dev\/?post_type=product&#038;p=669"},"modified":"2025-12-11T08:33:10","modified_gmt":"2025-12-11T07:33:10","slug":"cabernet-sauvignon-alter-satz-2024","status":"publish","type":"product","link":"https:\/\/www.bioweingut-ettl.at\/en\/produkt\/cabernet-sauvignon-alter-satz-2024\/","title":{"rendered":"Cabernet Sauvignon Alter Satz 2024"},"content":{"rendered":"","protected":false},"excerpt":{"rendered":"<p>Kr\u00e4ftiges Rubingranat, violette Reflexe, breitere Randaufhellung. Bl\u00e4ttrig unterlegtes rotes Waldbeerkonfit, Nuancen von Zwetschken. Voller K\u00f6rper, rote Kirschen, dezente Tannine, vetegaler Touch im Abgang<\/p>\n<p><img loading=\"lazy\" decoding=\"async\" class=\"alignnone size-medium wp-image-7489\" src=\"https:\/\/www.bioweingut-ettl.at\/wp-content\/uploads\/2020\/04\/93-8-300x300.png\" alt=\"\" width=\"300\" height=\"300\" srcset=\"https:\/\/www.bioweingut-ettl.at\/wp-content\/uploads\/2020\/04\/93-8-300x300.png 300w, https:\/\/www.bioweingut-ettl.at\/wp-content\/uploads\/2020\/04\/93-8-150x150.png 150w, https:\/\/www.bioweingut-ettl.at\/wp-content\/uploads\/2020\/04\/93-8-350x350.png 350w, https:\/\/www.bioweingut-ettl.at\/wp-content\/uploads\/2020\/04\/93-8-100x100.png 100w, https:\/\/www.bioweingut-ettl.at\/wp-content\/uploads\/2020\/04\/93-8.png 500w\" sizes=\"auto, (max-width: 300px) 100vw, 300px\" \/><\/p>\n<h1><\/h1>\n<p>&nbsp;<\/p>\n<p>&nbsp;<\/p>\n<p>&nbsp;<\/p>\n","protected":false},"featured_media":3638,"template":"","meta":{"_acf_changed":false,"inline_featured_image":false},"product_brand":[],"product_cat":[19],"product_tag":[],"class_list":{"0":"post-669","1":"product","2":"type-product","3":"status-publish","4":"has-post-thumbnail","6":"product_cat-rotwein","7":"vtmin_rule_category-minimum-purchase-category","9":"first","10":"instock","11":"taxable","12":"shipping-taxable","13":"purchasable","14":"product-type-simple"},"acf":[],"_links":{"self":[{"href":"https:\/\/www.bioweingut-ettl.at\/en\/wp-json\/wp\/v2\/product\/669","targetHints":{"allow":["GET"]}}],"collection":[{"href":"https:\/\/www.bioweingut-ettl.at\/en\/wp-json\/wp\/v2\/product"}],"about":[{"href":"https:\/\/www.bioweingut-ettl.at\/en\/wp-json\/wp\/v2\/types\/product"}],"wp:featuredmedia":[{"embeddable":true,"href":"https:\/\/www.bioweingut-ettl.at\/en\/wp-json\/wp\/v2\/media\/3638"}],"wp:attachment":[{"href":"https:\/\/www.bioweingut-ettl.at\/en\/wp-json\/wp\/v2\/media?parent=669"}],"wp:term":[{"taxonomy":"product_brand","embeddable":true,"href":"https:\/\/www.bioweingut-ettl.at\/en\/wp-json\/wp\/v2\/product_brand?post=669"},{"taxonomy":"product_cat","embeddable":true,"href":"https:\/\/www.bioweingut-ettl.at\/en\/wp-json\/wp\/v2\/product_cat?post=669"},{"taxonomy":"product_tag","embeddable":true,"href":"https:\/\/www.bioweingut-ettl.at\/en\/wp-json\/wp\/v2\/product_tag?post=669"}],"curies":[{"name":"wp","href":"https:\/\/api.w.org\/{rel}","templated":true}]}}