{"id":671,"date":"2019-08-26T10:53:28","date_gmt":"2019-08-26T08:53:28","guid":{"rendered":"https:\/\/ettl.insyde.dev\/?post_type=product&#038;p=671"},"modified":"2026-03-20T18:07:54","modified_gmt":"2026-03-20T17:07:54","slug":"merlot-praedium-2024","status":"publish","type":"product","link":"https:\/\/www.bioweingut-ettl.at\/en\/produkt\/merlot-praedium-2024\/","title":{"rendered":"Merlot Pr\u00e4dium 2024"},"content":{"rendered":"","protected":false},"excerpt":{"rendered":"<p>Tiefdunkles Rubingranat, violette Reflexe, zarte Randaufhellung. Zarte Kr\u00e4uterw\u00fcrze, dunkles Beerenkonfit, feine tabakige Note, etwas Nougat. Stoffig, D\u00f6rrpflaumen, pr\u00e4sente Tannine, schokoladiger Nachhall, ein w\u00fcrziger Speisenwein.<\/p>\n<h5>14,5%vol<\/h5>\n","protected":false},"featured_media":3637,"template":"","meta":{"_acf_changed":false,"inline_featured_image":false},"product_brand":[],"product_cat":[19],"product_tag":[],"class_list":{"0":"post-671","1":"product","2":"type-product","3":"status-publish","4":"has-post-thumbnail","6":"product_cat-rotwein","7":"vtmin_rule_category-minimum-purchase-category","9":"first","10":"instock","11":"taxable","12":"shipping-taxable","13":"purchasable","14":"product-type-simple"},"acf":[],"_links":{"self":[{"href":"https:\/\/www.bioweingut-ettl.at\/en\/wp-json\/wp\/v2\/product\/671","targetHints":{"allow":["GET"]}}],"collection":[{"href":"https:\/\/www.bioweingut-ettl.at\/en\/wp-json\/wp\/v2\/product"}],"about":[{"href":"https:\/\/www.bioweingut-ettl.at\/en\/wp-json\/wp\/v2\/types\/product"}],"wp:featuredmedia":[{"embeddable":true,"href":"https:\/\/www.bioweingut-ettl.at\/en\/wp-json\/wp\/v2\/media\/3637"}],"wp:attachment":[{"href":"https:\/\/www.bioweingut-ettl.at\/en\/wp-json\/wp\/v2\/media?parent=671"}],"wp:term":[{"taxonomy":"product_brand","embeddable":true,"href":"https:\/\/www.bioweingut-ettl.at\/en\/wp-json\/wp\/v2\/product_brand?post=671"},{"taxonomy":"product_cat","embeddable":true,"href":"https:\/\/www.bioweingut-ettl.at\/en\/wp-json\/wp\/v2\/product_cat?post=671"},{"taxonomy":"product_tag","embeddable":true,"href":"https:\/\/www.bioweingut-ettl.at\/en\/wp-json\/wp\/v2\/product_tag?post=671"}],"curies":[{"name":"wp","href":"https:\/\/api.w.org\/{rel}","templated":true}]}}