{"id":675,"date":"2019-08-26T10:56:18","date_gmt":"2019-08-26T08:56:18","guid":{"rendered":"https:\/\/ettl.insyde.dev\/?post_type=product&#038;p=675"},"modified":"2026-03-02T10:25:27","modified_gmt":"2026-03-02T09:25:27","slug":"zweigelt-roemerstein-reserve-2023","status":"publish","type":"product","link":"https:\/\/www.bioweingut-ettl.at\/en\/produkt\/zweigelt-roemerstein-reserve-2023\/","title":{"rendered":"Zweigelt Ried R\u00f6merstein 2023 &#8211; Neusiedlersee DAC Reserve"},"content":{"rendered":"","protected":false},"excerpt":{"rendered":"<p>Kr\u00e4ftiges Rubingranat, violette Reflexe, dezente Ockerrandaufhellung. Einladendes Bukett, frische Herzkirschen, ein Hauch von Zwetschken und Nougat, mit Ankl\u00e4ngen von Vanille unterlegt. Saftig, elegant, balanciert, rote Waldbeeren, feines S\u00e4urespiel, mineralisch im Abgang, bereits zug\u00e4nglich, ein vielseitiger Speisenbegleiter. 20 Monate in 500L Eichenf\u00e4ssern gereift<\/p>\n<p><img loading=\"lazy\" decoding=\"async\" class=\"alignnone size-medium wp-image-7505\" src=\"https:\/\/www.bioweingut-ettl.at\/wp-content\/uploads\/2019\/08\/90-300x300.png\" alt=\"\" width=\"300\" height=\"300\" srcset=\"https:\/\/www.bioweingut-ettl.at\/wp-content\/uploads\/2019\/08\/90-300x300.png 300w, https:\/\/www.bioweingut-ettl.at\/wp-content\/uploads\/2019\/08\/90-150x150.png 150w, https:\/\/www.bioweingut-ettl.at\/wp-content\/uploads\/2019\/08\/90-350x350.png 350w, https:\/\/www.bioweingut-ettl.at\/wp-content\/uploads\/2019\/08\/90-100x100.png 100w, https:\/\/www.bioweingut-ettl.at\/wp-content\/uploads\/2019\/08\/90.png 500w\" sizes=\"auto, (max-width: 300px) 100vw, 300px\" \/><img loading=\"lazy\" decoding=\"async\" class=\"alignnone size-medium wp-image-7483\" src=\"https:\/\/www.bioweingut-ettl.at\/wp-content\/uploads\/2020\/04\/93-5-300x300.png\" alt=\"\" width=\"300\" height=\"300\" srcset=\"https:\/\/www.bioweingut-ettl.at\/wp-content\/uploads\/2020\/04\/93-5-300x300.png 300w, https:\/\/www.bioweingut-ettl.at\/wp-content\/uploads\/2020\/04\/93-5-150x150.png 150w, https:\/\/www.bioweingut-ettl.at\/wp-content\/uploads\/2020\/04\/93-5-350x350.png 350w, https:\/\/www.bioweingut-ettl.at\/wp-content\/uploads\/2020\/04\/93-5-100x100.png 100w, https:\/\/www.bioweingut-ettl.at\/wp-content\/uploads\/2020\/04\/93-5.png 500w\" sizes=\"auto, (max-width: 300px) 100vw, 300px\" \/><\/p>\n<h4><\/h4>\n","protected":false},"featured_media":3635,"template":"","meta":{"_acf_changed":false,"inline_featured_image":false},"product_brand":[],"product_cat":[19],"product_tag":[],"class_list":{"0":"post-675","1":"product","2":"type-product","3":"status-publish","4":"has-post-thumbnail","6":"product_cat-rotwein","7":"vtmin_rule_category-minimum-purchase-category","9":"first","10":"instock","11":"taxable","12":"shipping-taxable","13":"purchasable","14":"product-type-simple"},"acf":[],"_links":{"self":[{"href":"https:\/\/www.bioweingut-ettl.at\/en\/wp-json\/wp\/v2\/product\/675","targetHints":{"allow":["GET"]}}],"collection":[{"href":"https:\/\/www.bioweingut-ettl.at\/en\/wp-json\/wp\/v2\/product"}],"about":[{"href":"https:\/\/www.bioweingut-ettl.at\/en\/wp-json\/wp\/v2\/types\/product"}],"wp:featuredmedia":[{"embeddable":true,"href":"https:\/\/www.bioweingut-ettl.at\/en\/wp-json\/wp\/v2\/media\/3635"}],"wp:attachment":[{"href":"https:\/\/www.bioweingut-ettl.at\/en\/wp-json\/wp\/v2\/media?parent=675"}],"wp:term":[{"taxonomy":"product_brand","embeddable":true,"href":"https:\/\/www.bioweingut-ettl.at\/en\/wp-json\/wp\/v2\/product_brand?post=675"},{"taxonomy":"product_cat","embeddable":true,"href":"https:\/\/www.bioweingut-ettl.at\/en\/wp-json\/wp\/v2\/product_cat?post=675"},{"taxonomy":"product_tag","embeddable":true,"href":"https:\/\/www.bioweingut-ettl.at\/en\/wp-json\/wp\/v2\/product_tag?post=675"}],"curies":[{"name":"wp","href":"https:\/\/api.w.org\/{rel}","templated":true}]}}